{"id":27097,"date":"2024-11-20T11:22:30","date_gmt":"2024-11-20T11:22:30","guid":{"rendered":"https:\/\/www.frcon.utn.edu.ar\/ingresantes\/?page_id=27097"},"modified":"2025-07-08T19:14:11","modified_gmt":"2025-07-08T19:14:11","slug":"extensiones-aulicas","status":"publish","type":"page","link":"https:\/\/ingresantes.frcon.utn.edu.ar\/?page_id=27097","title":{"rendered":"Extensiones \u00c1ulicas"},"content":{"rendered":"\n<div style=\"height:25px\" aria-hidden=\"true\" class=\"wp-block-spacer\"><\/div>\n\n\n\n<h4 class=\"wp-block-heading has-text-align-center\">Extensi\u00f3n \u00c1ulica: Mercedes; Corrientes.<\/h4>\n\n\n\n<div style=\"height:38px\" aria-hidden=\"true\" class=\"wp-block-spacer\"><\/div>\n\n\n\n<h4 class=\"wp-block-heading has-text-align-center\">Extensi\u00f3n \u00c1ulica: San Jos\u00e9 de Feliciano.<\/h4>\n\n\n\n<p><\/p>\n","protected":false},"excerpt":{"rendered":"<p>Extensi\u00f3n \u00c1ulica: Mercedes; Corrientes. Extensi\u00f3n \u00c1ulica: San Jos\u00e9 de Feliciano.<\/p>\n","protected":false},"author":1,"featured_media":0,"parent":0,"menu_order":0,"comment_status":"closed","ping_status":"closed","template":"","meta":{"footnotes":""},"class_list":["post-27097","page","type-page","status-publish","hentry"],"_links":{"self":[{"href":"https:\/\/ingresantes.frcon.utn.edu.ar\/index.php?rest_route=\/wp\/v2\/pages\/27097","targetHints":{"allow":["GET"]}}],"collection":[{"href":"https:\/\/ingresantes.frcon.utn.edu.ar\/index.php?rest_route=\/wp\/v2\/pages"}],"about":[{"href":"https:\/\/ingresantes.frcon.utn.edu.ar\/index.php?rest_route=\/wp\/v2\/types\/page"}],"author":[{"embeddable":true,"href":"https:\/\/ingresantes.frcon.utn.edu.ar\/index.php?rest_route=\/wp\/v2\/users\/1"}],"replies":[{"embeddable":true,"href":"https:\/\/ingresantes.frcon.utn.edu.ar\/index.php?rest_route=%2Fwp%2Fv2%2Fcomments&post=27097"}],"version-history":[{"count":5,"href":"https:\/\/ingresantes.frcon.utn.edu.ar\/index.php?rest_route=\/wp\/v2\/pages\/27097\/revisions"}],"predecessor-version":[{"id":27250,"href":"https:\/\/ingresantes.frcon.utn.edu.ar\/index.php?rest_route=\/wp\/v2\/pages\/27097\/revisions\/27250"}],"wp:attachment":[{"href":"https:\/\/ingresantes.frcon.utn.edu.ar\/index.php?rest_route=%2Fwp%2Fv2%2Fmedia&parent=27097"}],"curies":[{"name":"wp","href":"https:\/\/api.w.org\/{rel}","templated":true}]}}